{"id":48487,"date":"2025-10-15T15:58:43","date_gmt":"2025-10-15T15:58:43","guid":{"rendered":"https:\/\/www.martins.com.mx\/mx\/?page_id=48487"},"modified":"2026-04-22T16:03:24","modified_gmt":"2026-04-22T16:03:24","slug":"eventos","status":"publish","type":"page","link":"https:\/\/martins.com.mx\/mx\/eventos\/","title":{"rendered":"Eventos"},"content":{"rendered":"\t\t<div data-elementor-type=\"wp-page\" data-elementor-id=\"48487\" class=\"elementor elementor-48487\">\n\t\t\t\t\t\t<section class=\"elementor-section elementor-top-section elementor-element elementor-element-681c85c elementor-section-boxed elementor-section-height-default elementor-section-height-default\" data-id=\"681c85c\" data-element_type=\"section\" data-e-type=\"section\">\n\t\t\t\t\t\t<div class=\"elementor-container elementor-column-gap-default\">\n\t\t\t\t\t<div class=\"elementor-column elementor-col-100 elementor-top-column elementor-element elementor-element-b29a1b4\" data-id=\"b29a1b4\" data-element_type=\"column\" data-e-type=\"column\">\n\t\t\t<div class=\"elementor-widget-wrap elementor-element-populated\">\n\t\t\t\t\t\t<div class=\"elementor-element elementor-element-b9828ec elementor-widget__width-initial elementor-widget-mobile__width-inherit elementor-widget elementor-widget-heading\" data-id=\"b9828ec\" data-element_type=\"widget\" data-e-type=\"widget\" data-widget_type=\"heading.default\">\n\t\t\t\t<div class=\"elementor-widget-container\">\n\t\t\t\t\t<h2 class=\"elementor-heading-title elementor-size-default\">Eventos<\/h2>\t\t\t\t<\/div>\n\t\t\t\t<\/div>\n\t\t\t\t\t<\/div>\n\t\t<\/div>\n\t\t\t\t\t<\/div>\n\t\t<\/section>\n\t\t\t\t<section class=\"elementor-section elementor-top-section elementor-element elementor-element-e238fca elementor-section-boxed elementor-section-height-default elementor-section-height-default\" data-id=\"e238fca\" data-element_type=\"section\" data-e-type=\"section\">\n\t\t\t\t\t\t<div class=\"elementor-container elementor-column-gap-default\">\n\t\t\t\t\t<div class=\"elementor-column elementor-col-100 elementor-top-column elementor-element elementor-element-870b1ec\" data-id=\"870b1ec\" data-element_type=\"column\" data-e-type=\"column\">\n\t\t\t<div class=\"elementor-widget-wrap elementor-element-populated\">\n\t\t\t\t\t\t<div class=\"elementor-element elementor-element-e9e9491 elementor-widget elementor-widget-spacer\" data-id=\"e9e9491\" data-element_type=\"widget\" data-e-type=\"widget\" data-widget_type=\"spacer.default\">\n\t\t\t\t<div class=\"elementor-widget-container\">\n\t\t\t\t\t\t\t<div class=\"elementor-spacer\">\n\t\t\t<div class=\"elementor-spacer-inner\"><\/div>\n\t\t<\/div>\n\t\t\t\t\t\t<\/div>\n\t\t\t\t<\/div>\n\t\t\t\t<div class=\"elementor-element elementor-element-eb56a66 elementor-widget elementor-widget-heading\" data-id=\"eb56a66\" data-element_type=\"widget\" data-e-type=\"widget\" data-widget_type=\"heading.default\">\n\t\t\t\t<div class=\"elementor-widget-container\">\n\t\t\t\t\t<h2 class=\"elementor-heading-title elementor-size-default\">Cumplea\u00f1os \u00b7 Eventos empresas \u00b7 Baby Showers \u00b7 Reuniones familiares<\/h2>\t\t\t\t<\/div>\n\t\t\t\t<\/div>\n\t\t\t\t\t<\/div>\n\t\t<\/div>\n\t\t\t\t\t<\/div>\n\t\t<\/section>\n\t\t\t\t<section class=\"elementor-section elementor-top-section elementor-element elementor-element-bcae74b elementor-reverse-mobile elementor-section-boxed elementor-section-height-default elementor-section-height-default\" data-id=\"bcae74b\" data-element_type=\"section\" data-e-type=\"section\">\n\t\t\t\t\t\t<div class=\"elementor-container elementor-column-gap-default\">\n\t\t\t\t\t<div class=\"elementor-column elementor-col-50 elementor-top-column elementor-element elementor-element-0db4043\" data-id=\"0db4043\" data-element_type=\"column\" data-e-type=\"column\" data-settings=\"{&quot;background_background&quot;:&quot;classic&quot;}\">\n\t\t\t<div class=\"elementor-widget-wrap elementor-element-populated\">\n\t\t\t\t\t\t<div class=\"elementor-element elementor-element-e10607b elementor-widget elementor-widget-heading\" data-id=\"e10607b\" data-element_type=\"widget\" data-e-type=\"widget\" data-widget_type=\"heading.default\">\n\t\t\t\t<div class=\"elementor-widget-container\">\n\t\t\t\t\t<h2 class=\"elementor-heading-title elementor-size-default\">Haz tu evento en Martins a partir de 20 personas<\/h2>\t\t\t\t<\/div>\n\t\t\t\t<\/div>\n\t\t\t\t<div class=\"elementor-element elementor-element-841ddfc elementor-widget elementor-widget-spacer\" data-id=\"841ddfc\" data-element_type=\"widget\" data-e-type=\"widget\" data-widget_type=\"spacer.default\">\n\t\t\t\t<div class=\"elementor-widget-container\">\n\t\t\t\t\t\t\t<div class=\"elementor-spacer\">\n\t\t\t<div class=\"elementor-spacer-inner\"><\/div>\n\t\t<\/div>\n\t\t\t\t\t\t<\/div>\n\t\t\t\t<\/div>\n\t\t\t\t<div class=\"elementor-element elementor-element-462942f elementor-widget elementor-widget-text-editor\" data-id=\"462942f\" data-element_type=\"widget\" data-e-type=\"widget\" data-widget_type=\"text-editor.default\">\n\t\t\t\t<div class=\"elementor-widget-container\">\n\t\t\t\t\t\t\t\t\t<p>Sea cual sea su evento o celebraci\u00f3n, Martins hace tu d\u00eda una experiencia memorable.<\/p><p>Te ofrecemos de nuestro men\u00fa una amplia variedad de platillos de la cocina nacional e internacional.\u00a0<\/p><p><span style=\"color: inherit; font-family: inherit; font-size: inherit; background-color: var(--et_container-bg-color,transparent);\">Pregunta por todas nuestras promociones.<\/span><\/p><p><span style=\"color: inherit; font-family: inherit; font-size: inherit; background-color: var(--et_container-bg-color,transparent);\">\u00a0<\/span><\/p>\t\t\t\t\t\t\t\t<\/div>\n\t\t\t\t<\/div>\n\t\t\t\t<div class=\"elementor-element elementor-element-2418d84 elementor-widget elementor-widget-spacer\" data-id=\"2418d84\" data-element_type=\"widget\" data-e-type=\"widget\" data-widget_type=\"spacer.default\">\n\t\t\t\t<div class=\"elementor-widget-container\">\n\t\t\t\t\t\t\t<div class=\"elementor-spacer\">\n\t\t\t<div class=\"elementor-spacer-inner\"><\/div>\n\t\t<\/div>\n\t\t\t\t\t\t<\/div>\n\t\t\t\t<\/div>\n\t\t\t\t<div class=\"elementor-element elementor-element-dc3531d elementor-widget elementor-widget-heading\" data-id=\"dc3531d\" data-element_type=\"widget\" data-e-type=\"widget\" data-widget_type=\"heading.default\">\n\t\t\t\t<div class=\"elementor-widget-container\">\n\t\t\t\t\t<h2 class=\"elementor-heading-title elementor-size-default\">Pregunta por nuestros paquetes<\/h2>\t\t\t\t<\/div>\n\t\t\t\t<\/div>\n\t\t\t\t<div class=\"elementor-element elementor-element-ed785d7 elementor-widget elementor-widget-text-editor\" data-id=\"ed785d7\" data-element_type=\"widget\" data-e-type=\"widget\" data-widget_type=\"text-editor.default\">\n\t\t\t\t<div class=\"elementor-widget-container\">\n\t\t\t\t\t\t\t\t\t<p style=\"text-align: center;\"><strong><br><\/strong><\/p><p style=\"text-align: center;\"><strong>DESAYUNOS DESDE $220 POR PERSONA<\/strong><\/p>\n<p style=\"text-align: center;\"><strong>MERIENDAS DESDE $330 POR PERSONA<\/strong><\/p>\n<p style=\"text-align: center;\">Incluye: area asignada dependiendo la sucursal 4 horas de evento<\/p>\t\t\t\t\t\t\t\t<\/div>\n\t\t\t\t<\/div>\n\t\t\t\t<div class=\"elementor-element elementor-element-59b3377 elementor-widget elementor-widget-spacer\" data-id=\"59b3377\" data-element_type=\"widget\" data-e-type=\"widget\" data-widget_type=\"spacer.default\">\n\t\t\t\t<div class=\"elementor-widget-container\">\n\t\t\t\t\t\t\t<div class=\"elementor-spacer\">\n\t\t\t<div class=\"elementor-spacer-inner\"><\/div>\n\t\t<\/div>\n\t\t\t\t\t\t<\/div>\n\t\t\t\t<\/div>\n\t\t\t\t<div class=\"elementor-element elementor-element-7e92bb4 elementor-widget elementor-widget-image\" data-id=\"7e92bb4\" data-element_type=\"widget\" data-e-type=\"widget\" data-widget_type=\"image.default\">\n\t\t\t\t<div class=\"elementor-widget-container\">\n\t\t\t\t\t\t\t\t\t\t\t\t\t\t\t<img fetchpriority=\"high\" decoding=\"async\" width=\"709\" height=\"709\" src=\"https:\/\/martins.com.mx\/mx\/wp-content\/uploads\/2025\/10\/platillos_menu.jpg\" class=\"attachment-large size-large wp-image-48489\" alt=\"\" srcset=\"https:\/\/martins.com.mx\/mx\/wp-content\/uploads\/2025\/10\/platillos_menu.jpg 709w, https:\/\/martins.com.mx\/mx\/wp-content\/uploads\/2025\/10\/platillos_menu-150x150.jpg 150w, https:\/\/martins.com.mx\/mx\/wp-content\/uploads\/2025\/10\/platillos_menu-300x300.jpg 300w, https:\/\/martins.com.mx\/mx\/wp-content\/uploads\/2025\/10\/platillos_menu-109x109.jpg 109w, https:\/\/martins.com.mx\/mx\/wp-content\/uploads\/2025\/10\/platillos_menu-100x100.jpg 100w, https:\/\/martins.com.mx\/mx\/wp-content\/uploads\/2025\/10\/platillos_menu-705x705.jpg 705w, https:\/\/martins.com.mx\/mx\/wp-content\/uploads\/2025\/10\/platillos_menu-400x400.jpg 400w, https:\/\/martins.com.mx\/mx\/wp-content\/uploads\/2025\/10\/platillos_menu-440x440.jpg 440w, https:\/\/martins.com.mx\/mx\/wp-content\/uploads\/2025\/10\/platillos_menu-610x610.jpg 610w, https:\/\/martins.com.mx\/mx\/wp-content\/uploads\/2025\/10\/platillos_menu-600x600.jpg 600w\" sizes=\"(max-width: 709px) 100vw, 709px\" \/>\t\t\t\t\t\t\t\t\t\t\t\t\t\t\t<\/div>\n\t\t\t\t<\/div>\n\t\t\t\t\t<\/div>\n\t\t<\/div>\n\t\t\t\t<div class=\"elementor-column elementor-col-50 elementor-top-column elementor-element elementor-element-0e5d0f6\" data-id=\"0e5d0f6\" data-element_type=\"column\" data-e-type=\"column\" data-settings=\"{&quot;background_background&quot;:&quot;classic&quot;}\">\n\t\t\t<div class=\"elementor-widget-wrap elementor-element-populated\">\n\t\t\t\t\t\t<div class=\"elementor-element elementor-element-05816d4 elementor-widget elementor-widget-image\" data-id=\"05816d4\" data-element_type=\"widget\" data-e-type=\"widget\" data-widget_type=\"image.default\">\n\t\t\t\t<div class=\"elementor-widget-container\">\n\t\t\t\t\t\t\t\t\t\t\t\t\t\t\t<img decoding=\"async\" width=\"384\" height=\"1024\" src=\"https:\/\/martins.com.mx\/mx\/wp-content\/uploads\/2025\/10\/banner_eventos_martins-384x1024.jpg\" class=\"attachment-large size-large wp-image-48490\" alt=\"\" srcset=\"https:\/\/martins.com.mx\/mx\/wp-content\/uploads\/2025\/10\/banner_eventos_martins-384x1024.jpg 384w, https:\/\/martins.com.mx\/mx\/wp-content\/uploads\/2025\/10\/banner_eventos_martins-113x300.jpg 113w, https:\/\/martins.com.mx\/mx\/wp-content\/uploads\/2025\/10\/banner_eventos_martins-576x1536.jpg 576w, https:\/\/martins.com.mx\/mx\/wp-content\/uploads\/2025\/10\/banner_eventos_martins-705x1879.jpg 705w, https:\/\/martins.com.mx\/mx\/wp-content\/uploads\/2025\/10\/banner_eventos_martins-440x1173.jpg 440w, https:\/\/martins.com.mx\/mx\/wp-content\/uploads\/2025\/10\/banner_eventos_martins-600x1599.jpg 600w, https:\/\/martins.com.mx\/mx\/wp-content\/uploads\/2025\/10\/banner_eventos_martins.jpg 709w\" sizes=\"(max-width: 384px) 100vw, 384px\" \/>\t\t\t\t\t\t\t\t\t\t\t\t\t\t\t<\/div>\n\t\t\t\t<\/div>\n\t\t\t\t\t<\/div>\n\t\t<\/div>\n\t\t\t\t\t<\/div>\n\t\t<\/section>\n\t\t\t\t<section class=\"elementor-section elementor-top-section elementor-element elementor-element-d4b9c76 elementor-reverse-mobile elementor-section-boxed elementor-section-height-default elementor-section-height-default\" data-id=\"d4b9c76\" data-element_type=\"section\" data-e-type=\"section\">\n\t\t\t\t\t\t<div class=\"elementor-container elementor-column-gap-default\">\n\t\t\t\t\t<div class=\"elementor-column elementor-col-100 elementor-top-column elementor-element elementor-element-c72258b\" data-id=\"c72258b\" data-element_type=\"column\" data-e-type=\"column\" data-settings=\"{&quot;background_background&quot;:&quot;classic&quot;}\">\n\t\t\t<div class=\"elementor-widget-wrap elementor-element-populated\">\n\t\t\t\t\t\t<div class=\"elementor-element elementor-element-4db558b elementor-widget elementor-widget-heading\" data-id=\"4db558b\" data-element_type=\"widget\" data-e-type=\"widget\" data-widget_type=\"heading.default\">\n\t\t\t\t<div class=\"elementor-widget-container\">\n\t\t\t\t\t<h2 class=\"elementor-heading-title elementor-size-default\">Haz tu evento en Martins a partir de 20 personas<\/h2>\t\t\t\t<\/div>\n\t\t\t\t<\/div>\n\t\t\t\t<div class=\"elementor-element elementor-element-be9d9eb elementor-widget elementor-widget-elementskit-contact-form7\" data-id=\"be9d9eb\" data-element_type=\"widget\" data-e-type=\"widget\" data-widget_type=\"elementskit-contact-form7.default\">\n\t\t\t\t<div class=\"elementor-widget-container\">\n\t\t\t\t\t<div class=\"ekit-wid-con\" ><div class=\"ekit-form\">\n<div class=\"wpcf7 no-js\" id=\"wpcf7-f736-o1\" lang=\"en-US\" dir=\"ltr\" data-wpcf7-id=\"736\">\n<div class=\"screen-reader-response\"><p role=\"status\" aria-live=\"polite\" aria-atomic=\"true\"><\/p> <ul><\/ul><\/div>\n<form action=\"\/mx\/wp-json\/wp\/v2\/pages\/48487#wpcf7-f736-o1\" method=\"post\" class=\"wpcf7-form init\" aria-label=\"Contact form\" novalidate=\"novalidate\" data-status=\"init\">\n<fieldset class=\"hidden-fields-container\"><input type=\"hidden\" name=\"_wpcf7\" value=\"736\" \/><input type=\"hidden\" name=\"_wpcf7_version\" value=\"6.1.5\" \/><input type=\"hidden\" name=\"_wpcf7_locale\" value=\"en_US\" \/><input type=\"hidden\" name=\"_wpcf7_unit_tag\" value=\"wpcf7-f736-o1\" \/><input type=\"hidden\" name=\"_wpcf7_container_post\" value=\"0\" \/><input type=\"hidden\" name=\"_wpcf7_posted_data_hash\" value=\"\" \/>\n<\/fieldset>\n<div class=\"wpcf7-turnstile cf-turnstile\" data-sitekey=\"0x4AAAAAACEHwa9f00oPJrXc\" data-response-field-name=\"_wpcf7_turnstile_response\"><\/div>\n\n<p><label> Nombre<br \/>\n<span class=\"wpcf7-form-control-wrap\" data-name=\"your-name\"><input size=\"40\" maxlength=\"400\" class=\"wpcf7-form-control wpcf7-text wpcf7-validates-as-required\" aria-required=\"true\" aria-invalid=\"false\" value=\"\" type=\"text\" name=\"your-name\" \/><\/span> <\/label>\n<\/p>\n<p><label> Correo<br \/>\n<span class=\"wpcf7-form-control-wrap\" data-name=\"your-email\"><input size=\"40\" maxlength=\"400\" class=\"wpcf7-form-control wpcf7-email wpcf7-validates-as-required wpcf7-text wpcf7-validates-as-email\" aria-required=\"true\" aria-invalid=\"false\" value=\"\" type=\"email\" name=\"your-email\" \/><\/span> <\/label>\n<\/p>\n<p><label> Celular<br \/>\n<span class=\"wpcf7-form-control-wrap\" data-name=\"tel-number\"><input size=\"40\" maxlength=\"400\" class=\"wpcf7-form-control wpcf7-tel wpcf7-text wpcf7-validates-as-tel\" aria-invalid=\"false\" value=\"\" type=\"tel\" name=\"tel-number\" \/><\/span> <\/label>\n<\/p>\n<p><label> Tipo de evento<br \/>\n<span class=\"wpcf7-form-control-wrap\" data-name=\"event-type\"><select class=\"wpcf7-form-control wpcf7-select\" aria-invalid=\"false\" name=\"event-type\"><option value=\"\">&#8212;Please choose an option&#8212;<\/option><option value=\"Cumplea\u00f1os\">Cumplea\u00f1os<\/option><option value=\"Despedida\">Despedida<\/option><option value=\"Negocios\">Negocios<\/option><option value=\"Posada\">Posada<\/option><option value=\"Otro\">Otro<\/option><\/select><\/span> <\/label>\n<\/p>\n<p><label> N\u00famero de invitados<br \/>\n<span class=\"wpcf7-form-control-wrap\" data-name=\"guests\"><select class=\"wpcf7-form-control wpcf7-select\" aria-invalid=\"false\" name=\"guests\"><option value=\"\">&#8212;Please choose an option&#8212;<\/option><option value=\"0-25\">0-25<\/option><option value=\"26-50\">26-50<\/option><option value=\"51+\">51+<\/option><\/select><\/span><\/label>\n<\/p>\n<p><label> Fecha de tu evento<br \/>\n<span class=\"wpcf7-form-control-wrap\" data-name=\"event-date\"><input class=\"wpcf7-form-control wpcf7-date wpcf7-validates-as-date\" aria-invalid=\"false\" value=\"\" type=\"date\" name=\"event-date\" \/><\/span><\/label>\n<\/p>\n<p><label for=\"rest\">Elige tu sucursal de preferencia *<\/label><br \/>\n<span class=\"wpcf7-form-control-wrap\" data-name=\"sucursal\"><select class=\"wpcf7-form-control wpcf7-select\" aria-invalid=\"false\" name=\"sucursal\"><option value=\"GARZA SADA, NL\" selected=\"selected\">GARZA SADA, NL<\/option><option value=\"UNIVERSIDAD, NL\">UNIVERSIDAD, NL<\/option><option value=\"VALLE, NL\">VALLE, NL<\/option><option value=\"LINCOLN, NL\">LINCOLN, NL<\/option><option value=\"VICTORIA, TAMPS\">VICTORIA, TAMPS<\/option><option value=\"INDEPENDENCIA, COAH\">INDEPENDENCIA, COAH<\/option><option value=\"HIDALGO, COAH\">HIDALGO, COAH<\/option><option value=\"SALTILLO, COAH\">SALTILLO, COAH<\/option><option value=\"VI\u00d1EDOS, COAH\">VI\u00d1EDOS, COAH<\/option><option value=\"LAS ROSAS, DURA\">LAS ROSAS, DURA<\/option><\/select><\/span>\n<\/p>\n<p><input class=\"wpcf7-form-control wpcf7-submit has-spinner\" type=\"submit\" value=\"Solicitar cotizaci\u00f3n\" \/>\n<\/p><div class=\"wpcf7-response-output\" aria-hidden=\"true\"><\/div>\n<\/form>\n<\/div>\n<\/div><\/div>\t\t\t\t<\/div>\n\t\t\t\t<\/div>\n\t\t\t\t\t<\/div>\n\t\t<\/div>\n\t\t\t\t\t<\/div>\n\t\t<\/section>\n\t\t\t\t<section class=\"elementor-section elementor-top-section elementor-element elementor-element-ccf853f elementor-section-boxed elementor-section-height-default elementor-section-height-default\" data-id=\"ccf853f\" data-element_type=\"section\" data-e-type=\"section\">\n\t\t\t\t\t\t<div class=\"elementor-container elementor-column-gap-default\">\n\t\t\t\t\t<div class=\"elementor-column elementor-col-100 elementor-top-column elementor-element elementor-element-36f6adf\" data-id=\"36f6adf\" data-element_type=\"column\" data-e-type=\"column\">\n\t\t\t<div class=\"elementor-widget-wrap elementor-element-populated\">\n\t\t\t\t\t\t<div class=\"elementor-element elementor-element-f1b9601 elementor-widget__width-initial elementor-widget-mobile__width-inherit elementor-widget elementor-widget-heading\" data-id=\"f1b9601\" data-element_type=\"widget\" data-e-type=\"widget\" data-widget_type=\"heading.default\">\n\t\t\t\t<div class=\"elementor-widget-container\">\n\t\t\t\t\t<h2 class=\"elementor-heading-title elementor-size-default\">Sum\u00e9rgete en una experiencia que trasciende lo ordinario al mejor precio<\/h2>\t\t\t\t<\/div>\n\t\t\t\t<\/div>\n\t\t\t\t<div class=\"elementor-element elementor-element-3a270ff elementor-widget__width-initial elementor-widget-mobile__width-inherit elementor-widget elementor-widget-text-editor\" data-id=\"3a270ff\" data-element_type=\"widget\" data-e-type=\"widget\" data-widget_type=\"text-editor.default\">\n\t\t\t\t<div class=\"elementor-widget-container\">\n\t\t\t\t\t\t\t\t\t<p>Hablar de la experiencia de Martins es hablar del esp\u00edritu del norte de M\u00e9xico, tierra de grandes hombres de empresa, que hace m\u00e1s de 45 a\u00f1os vieron nacer nuestro primer restaurante.<\/p>\t\t\t\t\t\t\t\t<\/div>\n\t\t\t\t<\/div>\n\t\t\t\t\t<\/div>\n\t\t<\/div>\n\t\t\t\t\t<\/div>\n\t\t<\/section>\n\t\t\t\t<section class=\"elementor-section elementor-top-section elementor-element elementor-element-b7c7a04 elementor-section-boxed elementor-section-height-default elementor-section-height-default\" data-id=\"b7c7a04\" data-element_type=\"section\" data-e-type=\"section\">\n\t\t\t\t\t\t<div class=\"elementor-container elementor-column-gap-default\">\n\t\t\t\t\t<div class=\"elementor-column elementor-col-33 elementor-top-column elementor-element elementor-element-09f3a18\" data-id=\"09f3a18\" data-element_type=\"column\" data-e-type=\"column\" data-settings=\"{&quot;background_background&quot;:&quot;classic&quot;}\">\n\t\t\t<div class=\"elementor-widget-wrap elementor-element-populated\">\n\t\t\t\t\t<div class=\"elementor-background-overlay\"><\/div>\n\t\t\t\t\t\t<div class=\"elementor-element elementor-element-c77356d elementor-widget elementor-widget-spacer\" data-id=\"c77356d\" data-element_type=\"widget\" data-e-type=\"widget\" data-widget_type=\"spacer.default\">\n\t\t\t\t<div class=\"elementor-widget-container\">\n\t\t\t\t\t\t\t<div class=\"elementor-spacer\">\n\t\t\t<div class=\"elementor-spacer-inner\"><\/div>\n\t\t<\/div>\n\t\t\t\t\t\t<\/div>\n\t\t\t\t<\/div>\n\t\t\t\t<div class=\"elementor-element elementor-element-7b216c5 elementor-widget elementor-widget-heading\" data-id=\"7b216c5\" data-element_type=\"widget\" data-e-type=\"widget\" data-widget_type=\"heading.default\">\n\t\t\t\t<div class=\"elementor-widget-container\">\n\t\t\t\t\t<h3 class=\"elementor-heading-title elementor-size-default\">Ingredientes frescos y naturales<\/h3>\t\t\t\t<\/div>\n\t\t\t\t<\/div>\n\t\t\t\t\t<\/div>\n\t\t<\/div>\n\t\t\t\t<div class=\"elementor-column elementor-col-33 elementor-top-column elementor-element elementor-element-568149e\" data-id=\"568149e\" data-element_type=\"column\" data-e-type=\"column\" data-settings=\"{&quot;background_background&quot;:&quot;classic&quot;}\">\n\t\t\t<div class=\"elementor-widget-wrap elementor-element-populated\">\n\t\t\t\t\t<div class=\"elementor-background-overlay\"><\/div>\n\t\t\t\t\t\t<div class=\"elementor-element elementor-element-bedaa34 elementor-widget elementor-widget-spacer\" data-id=\"bedaa34\" data-element_type=\"widget\" data-e-type=\"widget\" data-widget_type=\"spacer.default\">\n\t\t\t\t<div class=\"elementor-widget-container\">\n\t\t\t\t\t\t\t<div class=\"elementor-spacer\">\n\t\t\t<div class=\"elementor-spacer-inner\"><\/div>\n\t\t<\/div>\n\t\t\t\t\t\t<\/div>\n\t\t\t\t<\/div>\n\t\t\t\t<div class=\"elementor-element elementor-element-f484ec3 elementor-widget elementor-widget-heading\" data-id=\"f484ec3\" data-element_type=\"widget\" data-e-type=\"widget\" data-widget_type=\"heading.default\">\n\t\t\t\t<div class=\"elementor-widget-container\">\n\t\t\t\t\t<h3 class=\"elementor-heading-title elementor-size-default\">Platillos para los paladares m\u00e1s exigentes.<\/h3>\t\t\t\t<\/div>\n\t\t\t\t<\/div>\n\t\t\t\t\t<\/div>\n\t\t<\/div>\n\t\t\t\t<div class=\"elementor-column elementor-col-33 elementor-top-column elementor-element elementor-element-847bacb\" data-id=\"847bacb\" data-element_type=\"column\" data-e-type=\"column\" data-settings=\"{&quot;background_background&quot;:&quot;classic&quot;}\">\n\t\t\t<div class=\"elementor-widget-wrap elementor-element-populated\">\n\t\t\t\t\t<div class=\"elementor-background-overlay\"><\/div>\n\t\t\t\t\t\t<div class=\"elementor-element elementor-element-5851cf0 elementor-widget elementor-widget-spacer\" data-id=\"5851cf0\" data-element_type=\"widget\" data-e-type=\"widget\" data-widget_type=\"spacer.default\">\n\t\t\t\t<div class=\"elementor-widget-container\">\n\t\t\t\t\t\t\t<div class=\"elementor-spacer\">\n\t\t\t<div class=\"elementor-spacer-inner\"><\/div>\n\t\t<\/div>\n\t\t\t\t\t\t<\/div>\n\t\t\t\t<\/div>\n\t\t\t\t<div class=\"elementor-element elementor-element-b91eb4c elementor-widget elementor-widget-heading\" data-id=\"b91eb4c\" data-element_type=\"widget\" data-e-type=\"widget\" data-widget_type=\"heading.default\">\n\t\t\t\t<div class=\"elementor-widget-container\">\n\t\t\t\t\t<h3 class=\"elementor-heading-title elementor-size-default\">Con el coraz\u00f3n Martins y la atenci\u00f3n a cada detalle<\/h3>\t\t\t\t<\/div>\n\t\t\t\t<\/div>\n\t\t\t\t\t<\/div>\n\t\t<\/div>\n\t\t\t\t\t<\/div>\n\t\t<\/section>\n\t\t\t\t<\/div>\n\t\t","protected":false},"excerpt":{"rendered":"<p>Eventos Cumplea\u00f1os \u00b7 Eventos empresas \u00b7 Baby Showers \u00b7 Reuniones familiares Haz tu evento en Martins a partir de 20 personas Sea cual sea su evento o celebraci\u00f3n, Martins hace tu d\u00eda una experiencia memorable. Te ofrecemos de nuestro men\u00fa una amplia variedad de platillos de la cocina nacional e internacional.\u00a0 Pregunta por todas nuestras [&hellip;]<\/p>\n","protected":false},"author":1,"featured_media":0,"parent":0,"menu_order":0,"comment_status":"closed","ping_status":"closed","template":"elementor_header_footer","meta":{"footnotes":""},"class_list":["post-48487","page","type-page","status-publish","hentry"],"_links":{"self":[{"href":"https:\/\/martins.com.mx\/mx\/wp-json\/wp\/v2\/pages\/48487","targetHints":{"allow":["GET"]}}],"collection":[{"href":"https:\/\/martins.com.mx\/mx\/wp-json\/wp\/v2\/pages"}],"about":[{"href":"https:\/\/martins.com.mx\/mx\/wp-json\/wp\/v2\/types\/page"}],"author":[{"embeddable":true,"href":"https:\/\/martins.com.mx\/mx\/wp-json\/wp\/v2\/users\/1"}],"replies":[{"embeddable":true,"href":"https:\/\/martins.com.mx\/mx\/wp-json\/wp\/v2\/comments?post=48487"}],"version-history":[{"count":49,"href":"https:\/\/martins.com.mx\/mx\/wp-json\/wp\/v2\/pages\/48487\/revisions"}],"predecessor-version":[{"id":49954,"href":"https:\/\/martins.com.mx\/mx\/wp-json\/wp\/v2\/pages\/48487\/revisions\/49954"}],"wp:attachment":[{"href":"https:\/\/martins.com.mx\/mx\/wp-json\/wp\/v2\/media?parent=48487"}],"curies":[{"name":"wp","href":"https:\/\/api.w.org\/{rel}","templated":true}]}}